{"id":32130,"date":"2021-11-16T14:25:59","date_gmt":"2021-11-16T14:25:59","guid":{"rendered":"https:\/\/staging.risutec.fi\/lisavarusteet-ja-tarvikkeet\/"},"modified":"2021-11-16T14:28:07","modified_gmt":"2021-11-16T14:28:07","slug":"lisavarusteet-ja-tarvikkeet","status":"publish","type":"page","link":"https:\/\/staging.risutec.fi\/fi\/lisavarusteet-ja-tarvikkeet\/","title":{"rendered":"Lis\u00e4varusteet ja tarvikkeet"},"content":{"rendered":"\t\t<div data-elementor-type=\"wp-page\" data-elementor-id=\"32130\" class=\"elementor elementor-32130 elementor-28211\" data-elementor-post-type=\"page\">\n\t\t\t\t\t\t<section class=\"elementor-section elementor-top-section elementor-element elementor-element-0cfb7d2 elementor-section-height-min-height elementor-section-boxed elementor-section-height-default elementor-section-items-middle\" data-id=\"0cfb7d2\" data-element_type=\"section\">\n\t\t\t\t\t\t<div class=\"elementor-container elementor-column-gap-default\">\n\t\t\t\t\t<div class=\"elementor-column elementor-col-100 elementor-top-column elementor-element elementor-element-85e7006\" data-id=\"85e7006\" data-element_type=\"column\">\n\t\t\t<div class=\"elementor-widget-wrap elementor-element-populated\">\n\t\t\t\t\t\t<div class=\"elementor-element elementor-element-0e62414 elementor-widget elementor-widget-heading\" data-id=\"0e62414\" data-element_type=\"widget\" data-widget_type=\"heading.default\">\n\t\t\t\t<div class=\"elementor-widget-container\">\n\t\t\t<h1 class=\"elementor-heading-title elementor-size-default\">Lis\u00e4varusteet ja tarvikkeet<\/h1>\t\t<\/div>\n\t\t\t\t<\/div>\n\t\t\t\t\t<\/div>\n\t\t<\/div>\n\t\t\t\t\t<\/div>\n\t\t<\/section>\n\t\t\t\t<section class=\"elementor-section elementor-top-section elementor-element elementor-element-4d7303b elementor-section-boxed elementor-section-height-default elementor-section-height-default\" data-id=\"4d7303b\" data-element_type=\"section\">\n\t\t\t\t\t\t<div class=\"elementor-container elementor-column-gap-default\">\n\t\t\t\t\t<div class=\"elementor-column elementor-col-50 elementor-top-column elementor-element elementor-element-2ea67d8\" data-id=\"2ea67d8\" data-element_type=\"column\">\n\t\t\t<div class=\"elementor-widget-wrap elementor-element-populated\">\n\t\t\t\t\t\t<div class=\"elementor-element elementor-element-2e8f43e elementor-widget elementor-widget-image\" data-id=\"2e8f43e\" data-element_type=\"widget\" data-widget_type=\"image.default\">\n\t\t\t\t<div class=\"elementor-widget-container\">\n\t\t\t\t\t\t\t\t\t\t\t\t\t<img fetchpriority=\"high\" decoding=\"async\" width=\"800\" height=\"600\" src=\"https:\/\/staging.risutec.fi\/wp-content\/uploads\/2021\/10\/seeder2-1024x768.jpg\" class=\"attachment-large size-large wp-image-28214\" alt=\"\" srcset=\"https:\/\/staging.risutec.fi\/wp-content\/uploads\/2021\/10\/seeder2-1024x768.jpg 1024w, https:\/\/staging.risutec.fi\/wp-content\/uploads\/2021\/10\/seeder2-300x225.jpg 300w, https:\/\/staging.risutec.fi\/wp-content\/uploads\/2021\/10\/seeder2-768x576.jpg 768w, https:\/\/staging.risutec.fi\/wp-content\/uploads\/2021\/10\/seeder2-1536x1152.jpg 1536w, https:\/\/staging.risutec.fi\/wp-content\/uploads\/2021\/10\/seeder2-2048x1536.jpg 2048w\" sizes=\"(max-width: 800px) 100vw, 800px\" \/>\t\t\t\t\t\t\t\t\t\t\t\t\t<\/div>\n\t\t\t\t<\/div>\n\t\t\t\t\t<\/div>\n\t\t<\/div>\n\t\t\t\t<div class=\"elementor-column elementor-col-50 elementor-top-column elementor-element elementor-element-e93faf1\" data-id=\"e93faf1\" data-element_type=\"column\">\n\t\t\t<div class=\"elementor-widget-wrap elementor-element-populated\">\n\t\t\t\t\t\t<div class=\"elementor-element elementor-element-68f827c elementor-widget elementor-widget-heading\" data-id=\"68f827c\" data-element_type=\"widget\" data-widget_type=\"heading.default\">\n\t\t\t\t<div class=\"elementor-widget-container\">\n\t\t\t<h2 class=\"elementor-heading-title elementor-size-default\">Kylv\u00f6laite<\/h2>\t\t<\/div>\n\t\t\t\t<\/div>\n\t\t\t\t<div class=\"elementor-element elementor-element-d69a8a2 elementor-widget elementor-widget-text-editor\" data-id=\"d69a8a2\" data-element_type=\"widget\" data-widget_type=\"text-editor.default\">\n\t\t\t\t<div class=\"elementor-widget-container\">\n\t\t\t\t\t\t\t<ul><li><p><span style=\"background-color: transparent;\">Kylv\u00f6laitetta voidaan k\u00e4ytt\u00e4\u00e4 asennettuna kauhaan tai m\u00e4t\u00e4stimeen. Kylv\u00f6kone voidaan integroida my\u00f6s koneelliseen istutuskoneeseen, kuten <a href=\"https:\/\/risutec.fi\/fi\/pm-metsataimien-istutuskone\/\">PM-160<\/a> .<br \/><\/span><\/p><\/li><li><p><span style=\"background-color: transparent;\">Saatavana joko keskim\u00e4\u00e4rin 10 siemenell\u00e4 tai 16 siemenell\u00e4 paikkaa kohti<\/span><\/p><\/li><li><p><span style=\"background-color: transparent;\">12V tai 24V<\/span><\/p><\/li><li><p><span style=\"background-color: transparent;\">0,5 l siemens\u00e4ili\u00f6<\/span><\/p><\/li><\/ul>\t\t\t\t\t\t<\/div>\n\t\t\t\t<\/div>\n\t\t\t\t\t<\/div>\n\t\t<\/div>\n\t\t\t\t\t<\/div>\n\t\t<\/section>\n\t\t\t\t<section class=\"elementor-section elementor-top-section elementor-element elementor-element-0cb9398 elementor-section-boxed elementor-section-height-default elementor-section-height-default\" data-id=\"0cb9398\" data-element_type=\"section\">\n\t\t\t\t\t\t<div class=\"elementor-container elementor-column-gap-default\">\n\t\t\t\t\t<div class=\"elementor-column elementor-col-50 elementor-top-column elementor-element elementor-element-cc1a78c\" data-id=\"cc1a78c\" data-element_type=\"column\">\n\t\t\t<div class=\"elementor-widget-wrap elementor-element-populated\">\n\t\t\t\t\t\t<div class=\"elementor-element elementor-element-92301df elementor-widget elementor-widget-image-gallery\" data-id=\"92301df\" data-element_type=\"widget\" data-widget_type=\"image-gallery.default\">\n\t\t\t\t<div class=\"elementor-widget-container\">\n\t\t\t\t\t<div class=\"elementor-image-gallery\">\n\t\t\t<div id='gallery-1' class='gallery galleryid-32130 gallery-columns-2 gallery-size-thumbnail'><figure class='gallery-item'>\n\t\t\t<div class='gallery-icon landscape'>\n\t\t\t\t<a data-elementor-open-lightbox=\"yes\" data-elementor-lightbox-slideshow=\"92301df\" data-elementor-lightbox-title=\"Matastin_Syvays\" data-e-action-hash=\"#elementor-action%3Aaction%3Dlightbox%26settings%3DeyJpZCI6Mjg1MTMsInVybCI6Imh0dHBzOlwvXC9zdGFnaW5nLnJpc3V0ZWMuZmlcL3dwLWNvbnRlbnRcL3VwbG9hZHNcLzIwMjFcLzEwXC9NYXRhc3Rpbl9TeXZheXMtc2NhbGVkLmpwZyIsInNsaWRlc2hvdyI6IjkyMzAxZGYifQ%3D%3D\" href='https:\/\/staging.risutec.fi\/wp-content\/uploads\/2021\/10\/Matastin_Syvays-scaled.jpg'><img decoding=\"async\" width=\"150\" height=\"150\" src=\"https:\/\/staging.risutec.fi\/wp-content\/uploads\/2021\/10\/Matastin_Syvays-150x150.jpg\" class=\"attachment-thumbnail size-thumbnail\" alt=\"\" aria-describedby=\"gallery-1-28513\" \/><\/a>\n\t\t\t<\/div>\n\t\t\t\t<figcaption class='wp-caption-text gallery-caption' id='gallery-1-28513'>\n\t\t\t\tMuokkauslevy\n\t\t\t\t<\/figcaption><\/figure><figure class='gallery-item'>\n\t\t\t<div class='gallery-icon landscape'>\n\t\t\t\t<a data-elementor-open-lightbox=\"yes\" data-elementor-lightbox-slideshow=\"92301df\" data-elementor-lightbox-title=\"Laikkum\u00e4t\u00e4stin\" data-e-action-hash=\"#elementor-action%3Aaction%3Dlightbox%26settings%3DeyJpZCI6Mjg1MDUsInVybCI6Imh0dHBzOlwvXC9zdGFnaW5nLnJpc3V0ZWMuZmlcL3dwLWNvbnRlbnRcL3VwbG9hZHNcLzIwMjFcLzEwXC9MYWlra3VtYXRhc3Rpbi5qcGciLCJzbGlkZXNob3ciOiI5MjMwMWRmIn0%3D\" href='https:\/\/staging.risutec.fi\/wp-content\/uploads\/2021\/10\/Laikkumatastin.jpg'><img decoding=\"async\" width=\"150\" height=\"150\" src=\"https:\/\/staging.risutec.fi\/wp-content\/uploads\/2021\/10\/Laikkumatastin-150x150.jpg\" class=\"attachment-thumbnail size-thumbnail\" alt=\"\" aria-describedby=\"gallery-1-28505\" \/><\/a>\n\t\t\t<\/div>\n\t\t\t\t<figcaption class='wp-caption-text gallery-caption' id='gallery-1-28505'>\n\t\t\t\tMuokkauslevymitat\n\t\t\t\t<\/figcaption><\/figure>\n\t\t<\/div>\n\t\t<\/div>\n\t\t\t\t<\/div>\n\t\t\t\t<\/div>\n\t\t\t\t\t<\/div>\n\t\t<\/div>\n\t\t\t\t<div class=\"elementor-column elementor-col-50 elementor-top-column elementor-element elementor-element-25d14db\" data-id=\"25d14db\" data-element_type=\"column\">\n\t\t\t<div class=\"elementor-widget-wrap elementor-element-populated\">\n\t\t\t\t\t\t<div class=\"elementor-element elementor-element-9828051 elementor-widget elementor-widget-heading\" data-id=\"9828051\" data-element_type=\"widget\" data-widget_type=\"heading.default\">\n\t\t\t\t<div class=\"elementor-widget-container\">\n\t\t\t<h2 class=\"elementor-heading-title elementor-size-default\">M\u00e4t\u00e4stin<\/h2>\t\t<\/div>\n\t\t\t\t<\/div>\n\t\t\t\t<div class=\"elementor-element elementor-element-14e4435 elementor-widget elementor-widget-text-editor\" data-id=\"14e4435\" data-element_type=\"widget\" data-widget_type=\"text-editor.default\">\n\t\t\t\t<div class=\"elementor-widget-container\">\n\t\t\t\t\t\t\t<ul>\n<li>\n<p>Paino 400 kg ntp10-kannattimella, my\u00f6s muita vaihtoehtoja<\/p>\n<\/li>\n<li>\n<p>Voidaan integroida kylv\u00f6laitteeseen ja Astaan<\/p>\n<\/li>\n<li>\n<p>Valinnainen istutuskoneen muokkain<\/p>\n<\/li>\n<\/ul>\t\t\t\t\t\t<\/div>\n\t\t\t\t<\/div>\n\t\t\t\t\t<\/div>\n\t\t<\/div>\n\t\t\t\t\t<\/div>\n\t\t<\/section>\n\t\t\t\t<\/div>\n\t\t","protected":false},"excerpt":{"rendered":"<p>Lis\u00e4varusteet ja tarvikkeet Kylv\u00f6laite Kylv\u00f6laitetta voidaan k\u00e4ytt\u00e4\u00e4 asennettuna kauhaan tai m\u00e4t\u00e4stimeen. Kylv\u00f6kone voidaan integroida my\u00f6s koneelliseen istutuskoneeseen, kuten PM-160 . Saatavana joko keskim\u00e4\u00e4rin 10 siemenell\u00e4 tai 16 siemenell\u00e4 paikkaa kohti 12V tai 24V 0,5 l siemens\u00e4ili\u00f6 Mounding Plate Mounding Plate Measuress M\u00e4t\u00e4stin Paino 400 kg ntp10-kannattimella, my\u00f6s muita vaihtoehtoja Voidaan integroida kylv\u00f6laitteeseen ja Astaan Valinnainen [&hellip;]<\/p>\n","protected":false},"author":1,"featured_media":0,"parent":0,"menu_order":0,"comment_status":"closed","ping_status":"closed","template":"","meta":{"content-type":"","footnotes":""},"_links":{"self":[{"href":"https:\/\/staging.risutec.fi\/fi\/wp-json\/wp\/v2\/pages\/32130"}],"collection":[{"href":"https:\/\/staging.risutec.fi\/fi\/wp-json\/wp\/v2\/pages"}],"about":[{"href":"https:\/\/staging.risutec.fi\/fi\/wp-json\/wp\/v2\/types\/page"}],"author":[{"embeddable":true,"href":"https:\/\/staging.risutec.fi\/fi\/wp-json\/wp\/v2\/users\/1"}],"replies":[{"embeddable":true,"href":"https:\/\/staging.risutec.fi\/fi\/wp-json\/wp\/v2\/comments?post=32130"}],"version-history":[{"count":7,"href":"https:\/\/staging.risutec.fi\/fi\/wp-json\/wp\/v2\/pages\/32130\/revisions"}],"predecessor-version":[{"id":32138,"href":"https:\/\/staging.risutec.fi\/fi\/wp-json\/wp\/v2\/pages\/32130\/revisions\/32138"}],"wp:attachment":[{"href":"https:\/\/staging.risutec.fi\/fi\/wp-json\/wp\/v2\/media?parent=32130"}],"curies":[{"name":"wp","href":"https:\/\/api.w.org\/{rel}","templated":true}]}}